{"id":9,"date":"2025-02-24T23:19:22","date_gmt":"2025-02-24T23:19:22","guid":{"rendered":"https:\/\/socialmedia.dk\/?page_id=9"},"modified":"2025-03-01T22:16:13","modified_gmt":"2025-03-01T22:16:13","slug":"forside","status":"publish","type":"page","link":"https:\/\/socialmedia.dk\/","title":{"rendered":"Forside"},"content":{"rendered":"\n<p><\/p>\n\n\n<div class=\"aligncenter wp-block-site-logo\"><img loading=\"lazy\" decoding=\"async\" width=\"300\" height=\"66\" src=\"https:\/\/socialmedia.dk\/wp-content\/uploads\/2025\/02\/Socialmedia_logo.png\" class=\"custom-logo\" alt=\"socialmedia.dk\" srcset=\"https:\/\/socialmedia.dk\/wp-content\/uploads\/2025\/02\/Socialmedia_logo.png 800w, https:\/\/socialmedia.dk\/wp-content\/uploads\/2025\/02\/Socialmedia_logo-300x67.png 300w, https:\/\/socialmedia.dk\/wp-content\/uploads\/2025\/02\/Socialmedia_logo-768x171.png 768w\" sizes=\"auto, (max-width: 300px) 100vw, 300px\" \/><\/div>\n\n\n<div class=\"wp-block-group alignfull has-global-padding is-layout-constrained wp-block-group-is-layout-constrained\" style=\"margin-top:0;margin-bottom:0;padding-top:var(--wp--preset--spacing--50);padding-bottom:var(--wp--preset--spacing--50)\">\n<div class=\"wp-block-columns alignwide is-layout-flex wp-container-core-columns-is-layout-1 wp-block-columns-is-layout-flex\">\n<div class=\"wp-block-column is-vertically-aligned-center is-layout-flow wp-block-column-is-layout-flow\">\n<h2 class=\"wp-block-heading has-xx-large-font-size\"><strong>Social Media \u2013 Alt, du skal vide. \u00c9t sted.<\/strong><\/h2>\n\n\n\n<p class=\"has-medium-font-size\">Algoritme\u00e6ndringer, nye trends, vilde case-studier og eksperternes bedste r\u00e5d \u2013 Social Media samler det hele for dig. <\/p>\n\n\n\n<p class=\"has-medium-font-size\">F\u00e5 de nyeste opdateringer, skarpeste best practices og eksklusive interviews med dem, der virkelig forst\u00e5r spillet. Uanset om du arbejder med organisk reach, betalte annoncer eller community-building, holder vi dig foran kurven. <\/p>\n\n\n\n<p class=\"has-medium-font-size\">Ingen fluff. Ingen hype. Bare det vigtigste fra social media-verdenen \u2013 leveret direkte til dig.<\/p>\n<\/div>\n\n\n\n<div class=\"wp-block-column is-vertically-aligned-center is-layout-flow wp-block-column-is-layout-flow\">\n<figure class=\"wp-block-image size-full\"><img loading=\"lazy\" decoding=\"async\" width=\"896\" height=\"1344\" src=\"https:\/\/socialmedia.dk\/wp-content\/uploads\/2025\/03\/bg.png\" alt=\"\" class=\"wp-image-17\" style=\"aspect-ratio:1;object-fit:cover\" srcset=\"https:\/\/socialmedia.dk\/wp-content\/uploads\/2025\/03\/bg.png 896w, https:\/\/socialmedia.dk\/wp-content\/uploads\/2025\/03\/bg-200x300.png 200w, https:\/\/socialmedia.dk\/wp-content\/uploads\/2025\/03\/bg-683x1024.png 683w, https:\/\/socialmedia.dk\/wp-content\/uploads\/2025\/03\/bg-768x1152.png 768w\" sizes=\"auto, (max-width: 896px) 100vw, 896px\" \/><\/figure>\n<\/div>\n<\/div>\n<\/div>\n\n\n\n<div class=\"wp-block-group alignfull has-global-padding is-layout-constrained wp-block-group-is-layout-constrained\" style=\"margin-top:0;margin-bottom:0\">\n<div class=\"wp-block-group alignwide is-layout-flow wp-container-core-group-is-layout-4 wp-block-group-is-layout-flow\" style=\"padding-top:var(--wp--preset--spacing--50);padding-bottom:var(--wp--preset--spacing--50)\">\n<h2 class=\"wp-block-heading has-x-large-font-size\">Sp\u00f8rgsm\u00e5l?<\/h2>\n\n\n\n<div class=\"wp-block-columns is-layout-flex wp-container-core-columns-is-layout-2 wp-block-columns-is-layout-flex\">\n<div class=\"wp-block-column is-layout-flow wp-block-column-is-layout-flow\">\n<div class=\"wp-block-group is-layout-flow wp-block-group-is-layout-flow\" style=\"border-top-color:var(--wp--preset--color--accent-6);border-top-width:1px;padding-top:var(--wp--preset--spacing--30);padding-bottom:var(--wp--preset--spacing--30)\">\n<p>S\u00e5 udfyld kontaktformularen her: <\/p>\n\n\n\n<p><\/p>\n<\/div>\n<\/div>\n\n\n\n<div class=\"wp-block-column is-layout-flow wp-block-column-is-layout-flow\">\n<div class=\"wp-block-group is-layout-flow wp-block-group-is-layout-flow\" style=\"border-top-color:var(--wp--preset--color--accent-6);border-top-width:1px;padding-top:var(--wp--preset--spacing--30);padding-bottom:var(--wp--preset--spacing--30)\">\n<div class=\"wpcf7 no-js\" id=\"wpcf7-f6-o1\" lang=\"da-DK\" dir=\"ltr\" data-wpcf7-id=\"6\">\n<div class=\"screen-reader-response\"><p role=\"status\" aria-live=\"polite\" aria-atomic=\"true\"><\/p> <ul><\/ul><\/div>\n<form action=\"\/index.php?rest_route=%2Fwp%2Fv2%2Fpages%2F9#wpcf7-f6-o1\" method=\"post\" class=\"wpcf7-form init\" aria-label=\"Kontaktformular\" novalidate=\"novalidate\" data-status=\"init\">\n<div style=\"display: none;\">\n<input type=\"hidden\" name=\"_wpcf7\" value=\"6\" \/>\n<input type=\"hidden\" name=\"_wpcf7_version\" value=\"6.0.4\" \/>\n<input type=\"hidden\" name=\"_wpcf7_locale\" value=\"da_DK\" \/>\n<input type=\"hidden\" name=\"_wpcf7_unit_tag\" value=\"wpcf7-f6-o1\" \/>\n<input type=\"hidden\" name=\"_wpcf7_container_post\" value=\"0\" \/>\n<input type=\"hidden\" name=\"_wpcf7_posted_data_hash\" value=\"\" \/>\n<\/div>\n<p><label> Dit navn<br \/>\n<span class=\"wpcf7-form-control-wrap\" data-name=\"your-name\"><input size=\"40\" maxlength=\"400\" class=\"wpcf7-form-control wpcf7-text wpcf7-validates-as-required\" autocomplete=\"name\" aria-required=\"true\" aria-invalid=\"false\" value=\"\" type=\"text\" name=\"your-name\" \/><\/span> <\/label>\n<\/p>\n<p><label> Din e-mail<br \/>\n<span class=\"wpcf7-form-control-wrap\" data-name=\"your-email\"><input size=\"40\" maxlength=\"400\" class=\"wpcf7-form-control wpcf7-email wpcf7-validates-as-required wpcf7-text wpcf7-validates-as-email\" autocomplete=\"email\" aria-required=\"true\" aria-invalid=\"false\" value=\"\" type=\"email\" name=\"your-email\" \/><\/span> <\/label>\n<\/p>\n<p><label> Emne<br \/>\n<span class=\"wpcf7-form-control-wrap\" data-name=\"your-subject\"><input size=\"40\" maxlength=\"400\" class=\"wpcf7-form-control wpcf7-text wpcf7-validates-as-required\" aria-required=\"true\" aria-invalid=\"false\" value=\"\" type=\"text\" name=\"your-subject\" \/><\/span> <\/label>\n<\/p>\n<p><label> Din besked (valgfri)<br \/>\n<span class=\"wpcf7-form-control-wrap\" data-name=\"your-message\"><textarea cols=\"40\" rows=\"10\" maxlength=\"2000\" class=\"wpcf7-form-control wpcf7-textarea\" aria-invalid=\"false\" name=\"your-message\"><\/textarea><\/span> <\/label>\n<\/p>\n<p><input class=\"wpcf7-form-control wpcf7-submit has-spinner\" type=\"submit\" value=\"Send\" \/>\n<\/p><div class=\"wpcf7-response-output\" aria-hidden=\"true\"><\/div>\n<\/form>\n<\/div>\n\n<\/div>\n<\/div>\n<\/div>\n<\/div>\n\n\n\n<p class=\"has-text-align-center\">\u00a9 Socialmedia.dk 2025<\/p>\n<\/div>\n","protected":false},"excerpt":{"rendered":"<p>Social Media \u2013 Alt, du skal vide. \u00c9t sted. Algoritme\u00e6ndringer, nye trends, vilde case-studier og eksperternes bedste r\u00e5d \u2013 Social Media samler det hele for dig. F\u00e5 de nyeste opdateringer, skarpeste best practices og eksklusive interviews med dem, der virkelig forst\u00e5r spillet. Uanset om du arbejder med organisk reach, betalte annoncer eller community-building, holder vi [&hellip;]<\/p>\n","protected":false},"author":1,"featured_media":0,"parent":0,"menu_order":0,"comment_status":"closed","ping_status":"closed","template":"","meta":{"footnotes":""},"class_list":["post-9","page","type-page","status-publish","hentry"],"_links":{"self":[{"href":"https:\/\/socialmedia.dk\/index.php?rest_route=\/wp\/v2\/pages\/9","targetHints":{"allow":["GET"]}}],"collection":[{"href":"https:\/\/socialmedia.dk\/index.php?rest_route=\/wp\/v2\/pages"}],"about":[{"href":"https:\/\/socialmedia.dk\/index.php?rest_route=\/wp\/v2\/types\/page"}],"author":[{"embeddable":true,"href":"https:\/\/socialmedia.dk\/index.php?rest_route=\/wp\/v2\/users\/1"}],"replies":[{"embeddable":true,"href":"https:\/\/socialmedia.dk\/index.php?rest_route=%2Fwp%2Fv2%2Fcomments&post=9"}],"version-history":[{"count":4,"href":"https:\/\/socialmedia.dk\/index.php?rest_route=\/wp\/v2\/pages\/9\/revisions"}],"predecessor-version":[{"id":18,"href":"https:\/\/socialmedia.dk\/index.php?rest_route=\/wp\/v2\/pages\/9\/revisions\/18"}],"wp:attachment":[{"href":"https:\/\/socialmedia.dk\/index.php?rest_route=%2Fwp%2Fv2%2Fmedia&parent=9"}],"curies":[{"name":"wp","href":"https:\/\/api.w.org\/{rel}","templated":true}]}}